{"id":5967,"date":"2022-03-05T12:48:39","date_gmt":"2022-03-05T10:48:39","guid":{"rendered":"https:\/\/tantra-prague.cz\/contact\/"},"modified":"2025-11-04T16:42:26","modified_gmt":"2025-11-04T14:42:26","slug":"contacts","status":"publish","type":"page","link":"https:\/\/text22.tantra-prague.cz\/en\/contacts\/","title":{"rendered":"Contact"},"content":{"rendered":"<section class=\"l-section wpb_row height_small\"><div class=\"l-section-h i-cf\"><div class=\"g-cols vc_row via_grid cols_5-1 laptops-cols_inherit tablets-cols_inherit mobiles-cols_1 valign_top type_default stacking_default\"><div class=\"wpb_column vc_column_container us_custom_6174cab6 has_bg_color\"><div class=\"vc_column-inner\"><h1 class=\"w-text us_custom_db33d449\"><span class=\"w-text-h\"><span class=\"w-text-value\">Contact<\/span><\/span><\/h1><div class=\"w-separator size_small\"><\/div><div class=\"w-text us_custom_2fce1c91 has_text_color\"><span class=\"w-text-h\"><span class=\"w-text-value\">If you have any questions comments or wish to book an appointment, please do not hesitate to contact us.We are available 24 hours a day, 7 days a week. With us you will get round the clock support and professional service whenever you need it. Try our services and experience real care without limits.<\/span><\/span><\/div><\/div><\/div><div class=\"wpb_column vc_column_container\"><div class=\"vc_column-inner\"><\/div><\/div><\/div><\/div><\/section><section class=\"l-section wpb_row height_small\"><div class=\"l-section-h i-cf\"><div class=\"g-cols vc_row via_grid cols_2 laptops-cols_inherit tablets-cols_2 mobiles-cols_1 valign_top type_default stacking_default\"><div class=\"wpb_column vc_column_container us_custom_252e77bf has_bg_color\"><div class=\"vc_column-inner\"><div class=\"wpb_text_column us_custom_768b5347 has_text_color\"><div class=\"wpb_wrapper\"><h2 class=\"LC20lb MBeuO DKV0Md\">Prague 1 &#8211; New Town<\/h2>\n<\/div><\/div><div class=\"w-separator size_small\"><\/div><div class=\"w-html us_custom_33b9ee00\"><iframe src=\"https:\/\/www.google.com\/maps\/embed?pb=!1m14!1m8!1m3!1d2560.409902456266!2d14.4135778!3d50.078612!3m2!1i1024!2i768!4f13.1!3m3!1m2!1s0x470b9585d7ffc775:0xdba625f49b0f672!2sErotic Massage - Prague 1 | Tantra Club!5e0!3m2!1str!2scz!4v1677500000000!5m2!1str!2scz\" width=\"600\" height=\"300\" style=\"border:0; border-radius: 20px;\" allowfullscreen=\"\" loading=\"lazy\" referrerpolicy=\"no-referrer-when-downgrade\">\n<\/iframe>\n<\/div><div class=\"w-separator size_small\"><\/div><div class=\"w-vwrapper align_none valign_top\"><div class=\"w-iconbox us_custom_1e0e9307 iconpos_left style_default color_custom align_left no_text has_gradient\"><a href=\"https:\/\/g.co\/kgs\/gqJe83T\" class=\"w-iconbox-link\" aria-label=\"P\u0161trossova 1895\/14, Prague 1 &#8211; New Town\" rel=\"nofollow\"><div class=\"w-iconbox-icon\" style=\"font-size:20px;--icon-color:linear-gradient(180deg,#8f7032,#d1c2b0);\"><i class=\"fal fa-map-marker-alt\"><\/i><\/div><\/a><div class=\"w-iconbox-meta\"><div class=\"w-iconbox-title\"><a href=\"https:\/\/g.co\/kgs\/gqJe83T\" class=\"w-iconbox-link\" aria-label=\"P\u0161trossova 1895\/14, Prague 1 &#8211; New Town\" rel=\"nofollow\">P\u0161trossova 1895\/14, Prague 1 &#8211; New Town<\/a><\/div><\/div><\/div><div class=\"w-iconbox iconpos_left style_default color_custom align_left has_gradient\"><div class=\"w-iconbox-icon\" style=\"font-size:20px;--icon-color:linear-gradient(180deg,#8f7032,#d1c2b0);\"><i class=\"fal fa-clock\"><\/i><\/div><div class=\"w-iconbox-meta\"><div class=\"w-iconbox-title\">Working hours<\/div><div class=\"w-iconbox-text\"><p>Mon\u2013Fri <strong>08:00\u201305:00<\/strong><br data-start=\"89\" data-end=\"92\" \/>Sat\u2013Sun <strong>08:00\u201306:30<\/strong><\/p>\n<\/div><\/div><\/div><div class=\"w-iconbox iconpos_left style_default color_custom align_left no_text has_gradient\"><a href=\"tel:+420 722 123 111\" class=\"w-iconbox-link\" aria-label=\"+420 722 123 111\"><div class=\"w-iconbox-icon\" style=\"font-size:20px;--icon-color:linear-gradient(180deg,#8f7032,#d1c2b0);\"><i class=\"fal fa-phone\"><\/i><\/div><\/a><div class=\"w-iconbox-meta\"><div class=\"w-iconbox-title\"><a href=\"tel:+420 722 123 111\" class=\"w-iconbox-link\" aria-label=\"+420 722 123 111\">+420 722 123 111<\/a><\/div><\/div><\/div><div class=\"w-iconbox iconpos_left style_default color_custom align_left no_text has_gradient\"><a href=\"mailto:info@tantra-prague.cz\" class=\"w-iconbox-link\" aria-label=\"info@tantra-prague.cz\"><div class=\"w-iconbox-icon\" style=\"font-size:20px;--icon-color:linear-gradient(180deg,#8f7032,#d1c2b0);\"><i class=\"fas fa-envelope\"><\/i><\/div><\/a><div class=\"w-iconbox-meta\"><div class=\"w-iconbox-title\"><a href=\"mailto:info@tantra-prague.cz\" class=\"w-iconbox-link\" aria-label=\"info@tantra-prague.cz\">info@tantra-prague.cz<\/a><\/div><\/div><\/div><div class=\"w-hwrapper valign_top wrap align_center\" style=\"--hwrapper-gap:0.4rem\"><div class=\"w-btn-wrapper align_none hide_on_default hide_on_laptops\"><a class=\"w-btn us-btn-style_9 icon_atleft\" href=\"uber:\/\/?action=setPickup&amp;pickup=my_location&amp;dropoff[latitude]=50.0786214&amp;dropoff[longitude]=14.4161461&amp;dropoff[nickname]=Tantra Club Pstrossova 14&amp;dropoff[formatted_address]=P\u0161trossova 1895\/14, Praha 1 Nov\u00e9 M\u011bsto\"><i class=\"fab fa-uber\"><\/i><span class=\"w-btn-label\">Uber<\/span><\/a><\/div><div class=\"w-btn-wrapper align_none hide_on_tablets hide_on_mobiles\"><a class=\"w-btn us-btn-style_9 icon_atleft\" href=\"https:\/\/m.uber.com\/go\/home?drop[0]={&quot;addressLine1&quot;:&quot;Erotic+Massage+-+Prague+1+|+Tantra+Club&quot;,&quot;addressLine2&quot;:&quot;P\u0161trossova+1895\/14,+Praha+1-Nov\u00e9+M\u011bsto&quot;,&quot;fullAddress&quot;:&quot;P\u0161trossova+1895\/14,+110+00+Praha+1-Nov\u00e9+M\u011bsto,+\u010cesko&quot;,&quot;id&quot;:&quot;ChIJdcf_14WVC0cRcvawSV9iug0&quot;,&quot;latitude&quot;:50.07861200000001,&quot;longitude&quot;:14.4161527,&quot;provider&quot;:&quot;google_places&quot;,&quot;title&quot;:&quot;Erotic+Massage+-+Prague+1+|+Tantra+Club&quot;}&amp;uclick_id=30ef4b64-8efc-45b4-8058-e1fa82aed5b0\" rel=\"nofollow noopener\" target=\"_blank\"><i class=\"fab fa-uber\"><\/i><span class=\"w-btn-label\">Uber<\/span><\/a><\/div><div class=\"w-btn-wrapper align_none hide_on_default hide_on_laptops\"><a class=\"w-btn us-btn-style_9 icon_atleft\" href=\"waze:\/\/?favorite=Tantra Club Prague 1&amp;ll=50.078620,14.416145&amp;navigate=yes\"><i class=\"fab fa-waze\"><\/i><span class=\"w-btn-label\">Waze<\/span><\/a><\/div><div class=\"w-btn-wrapper align_none hide_on_tablets hide_on_mobiles\"><a class=\"w-btn us-btn-style_9 icon_atleft\" href=\"https:\/\/ul.waze.com\/ul?place=ChIJdcf_14WVC0cRcvawSV9iug0&amp;ll=50.07861200,14.41615270&amp;navigate=yes&amp;utm_campaign=default&amp;utm_source=waze_website&amp;utm_medium=lm_share_location\" rel=\"nofollow noopener\" target=\"_blank\"><i class=\"fab fa-waze\"><\/i><span class=\"w-btn-label\">Waze<\/span><\/a><\/div><div class=\"w-btn-wrapper align_none\"><a class=\"w-btn us-btn-style_9 icon_atleft\" href=\"https:\/\/www.google.com\/maps\/dir\/?api=1&amp;destination=Erotic+Massage+-+Prague+1+|+Tantra+Club\" rel=\"nofollow noopener\" target=\"_blank\"><i class=\"fab fa-google\"><\/i><span class=\"w-btn-label\">Mapa<\/span><\/a><\/div><div class=\"w-btn-wrapper align_none\"><a class=\"w-btn us-btn-style_5 template icon_atleft\" href=\"https:\/\/text22.tantra-prague.cz\/rezervace\/\"><i class=\"fal fa-arrow-right\"><\/i><span class=\"w-btn-label\">Rezervace<\/span><\/a><\/div><div class=\"w-btn-wrapper align_none\"><a class=\"w-btn us-btn-style_5 template icon_atleft\" href=\"https:\/\/wa.me\/420722123111\" rel=\"nofollow noopener\" target=\"_blank\"><i class=\"fab fa-whatsapp\"><\/i><span class=\"w-btn-label\">Whatsapp<\/span><\/a><\/div><\/div><\/div><\/div><\/div><div class=\"wpb_column vc_column_container us_custom_252e77bf has_bg_color\"><div class=\"vc_column-inner\"><div class=\"wpb_text_column us_custom_768b5347 has_text_color\"><div class=\"wpb_wrapper\"><h2 class=\"LC20lb MBeuO DKV0Md\">Praha 2 &#8211; Vinohrady<\/h2>\n<\/div><\/div><div class=\"w-separator size_small\"><\/div><div class=\"w-html\"><iframe src=\"https:\/\/www.google.com\/maps\/embed?pb=!1m18!1m12!1m3!1d10242.170400528874!2d14.420850481521471!3d50.07612719436773!2m3!1f0!2f0!3f0!3m2!1i1024!2i768!4f13.1!3m3!1m2!1s0x470b9596c3abce39:0x91ccdfc961aed110!2sErotick\u00e9 mas\u00e1\u017ee Praha - Tantra Club - Lu\u017eick\u00e1 29 | Erotic massage Prague!5e0!3m2!1str!2scz!4v1740621929258!5m2!1str!2scz\" width=\"600\" height=\"300\" style=\"border:0; border-radius: 20px;\" allowfullscreen=\"\" loading=\"lazy\" referrerpolicy=\"no-referrer-when-downgrade\">\n<\/iframe><\/div><div class=\"w-separator size_small\"><\/div><div class=\"w-vwrapper align_none valign_top\"><div class=\"w-iconbox us_custom_1e0e9307 iconpos_left style_default color_custom align_left no_text has_gradient\"><a href=\"https:\/\/maps.app.goo.gl\/N4vpFfwnHDHaCt8z7\" class=\"w-iconbox-link\" aria-label=\"Lu\u017eick\u00e1 29, Praha 2 \u2013 Vinohrady\" rel=\"nofollow noopener\" target=\"_blank\"><div class=\"w-iconbox-icon\" style=\"font-size:20px;--icon-color:linear-gradient(180deg,#8f7032,#d1c2b0);\"><i class=\"fal fa-map-marker-alt\"><\/i><\/div><\/a><div class=\"w-iconbox-meta\"><div class=\"w-iconbox-title\"><a href=\"https:\/\/maps.app.goo.gl\/N4vpFfwnHDHaCt8z7\" class=\"w-iconbox-link\" aria-label=\"Lu\u017eick\u00e1 29, Praha 2 \u2013 Vinohrady\" rel=\"nofollow noopener\" target=\"_blank\">Lu\u017eick\u00e1 29, Praha 2 \u2013 Vinohrady<\/a><\/div><\/div><\/div><div class=\"w-iconbox iconpos_left style_default color_custom align_left has_gradient\"><div class=\"w-iconbox-icon\" style=\"font-size:20px;--icon-color:linear-gradient(180deg,#8f7032,#d1c2b0);\"><i class=\"fal fa-clock\"><\/i><\/div><div class=\"w-iconbox-meta\"><div class=\"w-iconbox-title\">Working hours<\/div><div class=\"w-iconbox-text\"><p>Mon\u2013Sun <strong>09:00\u201305:00<\/strong><\/p>\n<\/div><\/div><\/div><div class=\"w-iconbox iconpos_left style_default color_custom align_left no_text has_gradient\"><a href=\"tel:+420 722 123 111\" class=\"w-iconbox-link\" aria-label=\"+420 722 123 111\"><div class=\"w-iconbox-icon\" style=\"font-size:20px;--icon-color:linear-gradient(180deg,#8f7032,#d1c2b0);\"><i class=\"fal fa-phone\"><\/i><\/div><\/a><div class=\"w-iconbox-meta\"><div class=\"w-iconbox-title\"><a href=\"tel:+420 722 123 111\" class=\"w-iconbox-link\" aria-label=\"+420 722 123 111\">+420 722 123 111<\/a><\/div><\/div><\/div><div class=\"w-iconbox iconpos_left style_default color_custom align_left no_text has_gradient\"><a href=\"mailto:info@tantra-prague.cz\" class=\"w-iconbox-link\" aria-label=\"info@tantra-prague.cz\"><div class=\"w-iconbox-icon\" style=\"font-size:20px;--icon-color:linear-gradient(180deg,#8f7032,#d1c2b0);\"><i class=\"fas fa-envelope\"><\/i><\/div><\/a><div class=\"w-iconbox-meta\"><div class=\"w-iconbox-title\"><a href=\"mailto:info@tantra-prague.cz\" class=\"w-iconbox-link\" aria-label=\"info@tantra-prague.cz\">info@tantra-prague.cz<\/a><\/div><\/div><\/div><div class=\"w-hwrapper valign_top wrap align_center\" style=\"--hwrapper-gap:0.4rem\"><div class=\"w-btn-wrapper align_none hide_on_default hide_on_laptops\"><a class=\"w-btn us-btn-style_9 icon_atleft\" href=\"uber:\/\/?action=setPickup&amp;pickup=my_location&amp;dropoff[place_id]=ChIJOc6rw5aVC0cRENGuYcnfzJE&amp;dropoff[nickname]=Tantra Club Vinohrady&amp;dropoff[formatted_address]=Lu\u017eick\u00e1 1416\/29, Vinohrady, Praha 2\"><i class=\"fab fa-uber\"><\/i><span class=\"w-btn-label\">Uber<\/span><\/a><\/div><div class=\"w-btn-wrapper align_none hide_on_tablets hide_on_mobiles\"><a class=\"w-btn us-btn-style_9 icon_atleft\" href=\"https:\/\/m.uber.com\/go\/home?drop[0]={&quot;addressLine1&quot;:&quot;Erotick\u00e9+mas\u00e1\u017ee+Praha+-+Tantra+Club+-+Lu\u017eick\u00e1+29+|+Erotic+massage+Prague&quot;,&quot;addressLine2&quot;:&quot;Lu\u017eick\u00e1+1416\/29,+Vinohrady+2,+Praha+2&quot;,&quot;fullAddress&quot;:&quot;Lu\u017eick\u00e1+1416\/29,+Vinohrady+2,+120+00+Praha+2,+\u010cesko&quot;,&quot;id&quot;:&quot;ChIJOc6rw5aVC0cRENGuYcnfzJE&quot;,&quot;latitude&quot;:50.0736433,&quot;longitude&quot;:14.4461477,&quot;provider&quot;:&quot;google_places&quot;,&quot;title&quot;:&quot;Erotick\u00e9+mas\u00e1\u017ee+Praha+-+Tantra+Club+-+Lu\u017eick\u00e1+29+|+Erotic+massage+Prague&quot;}&amp;uclick_id=30ef4b64-8efc-45b4-8058-e1fa82aed5b0\" rel=\"nofollow noopener\" target=\"_blank\"><i class=\"fab fa-uber\"><\/i><span class=\"w-btn-label\">Uber<\/span><\/a><\/div><div class=\"w-btn-wrapper align_none hide_on_default hide_on_laptops\"><a class=\"w-btn us-btn-style_9 icon_atleft\" href=\"waze:\/\/?place=ChIJOc6rw5aVC0cRENGuYcnfzJE&amp;ll=50.0736433,14.4461477&amp;navigate=yes\"><i class=\"fab fa-waze\"><\/i><span class=\"w-btn-label\">Waze<\/span><\/a><\/div><div class=\"w-btn-wrapper align_none hide_on_tablets hide_on_mobiles\"><a class=\"w-btn us-btn-style_9 icon_atleft\" href=\"https:\/\/ul.waze.com\/ul?place=ChIJOc6rw5aVC0cRENGuYcnfzJE&amp;ll=50.0736433,14.4461477&amp;navigate=yes&amp;utm_campaign=default&amp;utm_source=waze_website&amp;utm_medium=lm_share_location\" rel=\"nofollow noopener\" target=\"_blank\"><i class=\"fab fa-waze\"><\/i><span class=\"w-btn-label\">Waze<\/span><\/a><\/div><div class=\"w-btn-wrapper align_none\"><a class=\"w-btn us-btn-style_9 icon_atleft\" href=\"https:\/\/www.google.com\/maps\/dir\/?api=1&amp;destination=Erotick\u00e9+mas\u00e1\u017ee+Praha+-+Tantra+Club+-+Lu\u017eick\u00e1+29+|+Erotic+massage+Prague\" rel=\"nofollow noopener\" target=\"_blank\"><i class=\"fab fa-google\"><\/i><span class=\"w-btn-label\">Mapa<\/span><\/a><\/div><div class=\"w-btn-wrapper align_none\"><a class=\"w-btn us-btn-style_5 template icon_atleft\" href=\"https:\/\/text22.tantra-prague.cz\/rezervace\/\"><i class=\"fal fa-arrow-right\"><\/i><span class=\"w-btn-label\">Rezervace<\/span><\/a><\/div><div class=\"w-btn-wrapper align_none\"><a class=\"w-btn us-btn-style_5 template icon_atleft\" href=\"https:\/\/wa.me\/420722123111\" rel=\"nofollow noopener\" target=\"_blank\"><i class=\"fab fa-whatsapp\"><\/i><span class=\"w-btn-label\">Whatsapp<\/span><\/a><\/div><\/div><\/div><\/div><\/div><\/div><\/div><\/section><section class=\"l-section wpb_row height_small\"><div class=\"l-section-h i-cf\"><div class=\"g-cols vc_row via_grid cols_1 laptops-cols_inherit tablets-cols_inherit mobiles-cols_1 valign_top type_default stacking_default\"><div class=\"wpb_column vc_column_container\"><div class=\"vc_column-inner\"><section class=\"l-section wpb_row us_custom_40e28a24 height_small width_full\"><div class=\"l-section-h i-cf\"><div class=\"g-cols vc_row via_grid cols_1 laptops-cols_inherit tablets-cols_inherit mobiles-cols_1 valign_top type_default stacking_default\"><div class=\"wpb_column vc_column_container\"><div class=\"vc_column-inner\"><h4 class=\"w-text us_custom_decf08cf has_text_color\"><span class=\"w-text-h\"><span class=\"w-text-value\">RULES OF EROTIC MASSAGE<\/span><\/span><\/h4><div class=\"w-separator size_small\"><\/div><div class=\"w-text us_custom_04235b5d has_text_color\"><span class=\"w-text-h\"><span class=\"w-text-value\">Tantra Club Salon does not provide any sexual services to any extent and serves only as an advertisement for individual masseuses. The condition of advertising is the rental of the massage parlour space. Admission is permitted for persons over 18 years of age.  <\/span><\/span><\/div><\/div><\/div><\/div><\/div><\/section>\n<\/div><\/div><\/div><\/div><\/section>\n","protected":false},"excerpt":{"rendered":"ContactIf you have any questions comments or wish to book an appointment, please do not hesitate to contact us.We are available 24 hours a day, 7 days a week. With us you will get round the clock support and professional service whenever you need it. Try our services and experience real care without limits.Prague 1...","protected":false},"author":1,"featured_media":0,"parent":0,"menu_order":0,"comment_status":"closed","ping_status":"closed","template":"","meta":{"_acf_changed":false,"footnotes":""},"class_list":["post-5967","page","type-page","status-publish","hentry"],"acf":[],"_links":{"self":[{"href":"https:\/\/text22.tantra-prague.cz\/en\/wp-json\/wp\/v2\/pages\/5967","targetHints":{"allow":["GET"]}}],"collection":[{"href":"https:\/\/text22.tantra-prague.cz\/en\/wp-json\/wp\/v2\/pages"}],"about":[{"href":"https:\/\/text22.tantra-prague.cz\/en\/wp-json\/wp\/v2\/types\/page"}],"author":[{"embeddable":true,"href":"https:\/\/text22.tantra-prague.cz\/en\/wp-json\/wp\/v2\/users\/1"}],"replies":[{"embeddable":true,"href":"https:\/\/text22.tantra-prague.cz\/en\/wp-json\/wp\/v2\/comments?post=5967"}],"version-history":[{"count":8,"href":"https:\/\/text22.tantra-prague.cz\/en\/wp-json\/wp\/v2\/pages\/5967\/revisions"}],"predecessor-version":[{"id":282104,"href":"https:\/\/text22.tantra-prague.cz\/en\/wp-json\/wp\/v2\/pages\/5967\/revisions\/282104"}],"wp:attachment":[{"href":"https:\/\/text22.tantra-prague.cz\/en\/wp-json\/wp\/v2\/media?parent=5967"}],"curies":[{"name":"wp","href":"https:\/\/api.w.org\/{rel}","templated":true}]}}