{"id":282071,"date":"2025-11-04T05:38:58","date_gmt":"2025-11-04T03:38:58","guid":{"rendered":"https:\/\/tantra-prague.cz\/branches\/tantra-club-prague-2-vinohrady\/"},"modified":"2025-11-05T05:37:45","modified_gmt":"2025-11-05T03:37:45","slug":"tantra-club-prague-2-vinohrady","status":"publish","type":"page","link":"https:\/\/text22.tantra-prague.cz\/en\/branches\/tantra-club-prague-2-vinohrady\/","title":{"rendered":"Tantra Club Prague 2 &#8211; Vinohrady"},"content":{"rendered":"<section class=\"l-section wpb_row height_small\"><div class=\"l-section-h i-cf\"><div class=\"g-cols vc_row via_grid cols_2 laptops-cols_inherit tablets-cols_2 mobiles-cols_1 valign_top type_default stacking_default\" style=\"--columns-gap:0rem;\"><div class=\"wpb_column vc_column_container us_custom_28f331de has_bg_color\"><div class=\"vc_column-inner\"><h1 class=\"w-text us_custom_8b43f374 has_text_color\"><span class=\"w-text-h\"><span class=\"w-text-value\">Erotic massage Prague 2<\/span><\/span><\/h1><h2 class=\"w-text us_custom_7da57b3b\"><span class=\"w-text-h\"><span class=\"w-text-value\">Tantra Club Vinohrady<\/span><\/span><\/h2><div class=\"w-separator size_custom\" style=\"height:10px\"><\/div><div class=\"wpb_text_column us_custom_bd2ee465\"><div class=\"wpb_wrapper\"><section id=\"kudy-k-nam\">\n<h2 data-start=\"219\" data-end=\"238\"><strong data-start=\"223\" data-end=\"236\">About the branch<\/strong><\/h2>\n<p data-start=\"237\" data-end=\"505\">Welcome to our Tantra Club Vinohrady branch, where modern design meets luxury and maximum discretion. We are located at <strong data-start=\"375\" data-end=\"410\">Lu\u017eick\u00e1 29, Prague 2 \u2013 Vinohrady, <\/strong>an ideal place for those seeking an unforgettable e<strong data-start=\"475\" data-end=\"504\"><a href=\"https:\/\/test.tantra-prague.cz\/masaze\/\">rotic massage experience in Prague.<\/a><\/strong><\/p>\n<p data-start=\"507\" data-end=\"841\">Our salon is designed with comfort and privacy in mind. Inside, you will find several spacious massage rooms, each with its own shower and all the necessary hygiene equipment. We adhere to the highest standards of cleanliness\u2014we use modern disinfection technologies, including ozone treatment, to ensure a safe and clean environment for all clients.<\/p>\n<p data-start=\"843\" data-end=\"1153\"><strong data-start=\"890\" data-end=\"911\">Tantra Club Vinohrady<\/strong> offers a wide range of<strong data-start=\"843\" data-end=\"868\"><a href=\"https:\/\/text22.tantra-prague.cz\/en\/massage\/body-to-body-massage\/\"> erotic massages <\/a><\/strong>tailored to the individual needs of each customer. Our massages provide deep relaxation, release, and an intense sensory experience. Our professional team of therapists will help you discover a new dimension of relaxation and erotic pleasure.<\/p>\n<p data-start=\"1155\" data-end=\"1397\">At our reception bar, you can enjoy refreshing drinks before or after your massage, which will further enhance your experience. The branch is easily accessible by both public transport and car, ensuring convenient access for every client.<\/p>\n<p data-start=\"1399\" data-end=\"1519\">Visit Tantra Club Vinohrady and treat yourself to a<strong data-start=\"1399\" data-end=\"1434\"><strong data-start=\"1449\" data-end=\"1476\"> <a href=\"https:\/\/text22.tantra-prague.cz\/en\/massage\/vip-erotic-massage\/\">luxurious erotic massage<\/a><\/strong><\/strong> that will take your senses to a whole new level!<\/p>\n<section id=\"kudy-k-nam\">\n<h2>Which way to us?<\/h2>\n<h3>Metro<\/h3>\n<p><strong>Line A (green).<\/strong> Nearest station: <strong>N\u00e1m\u011bst\u00ed M\u00edru <\/strong>\u2013 approximately a 5-minute walk.<br \/>\nAlternatively, you can get off at <strong>I. P. Pavlova<\/strong> station (line C, red) and continue for about 10 minutes on foot via B\u011blehradsk\u00e1 Street.<\/p>\n<h3>Trams<\/h3>\n<p>Nearest stop: <strong>\u0160umavsk\u00e1 <\/strong>or <strong>Jana Masaryka.<\/strong><br \/>\nBoth stops are just a few minutes&#8217; walk away \u2013 continue up Lu\u017eick\u00e1 Street.<\/p>\n<h3>On foot from the N\u00e1m\u011bst\u00ed M\u00edru metro station<\/h3>\n<p>From <strong>N\u00e1m\u011bst\u00ed M\u00edru station<\/strong> (line A), exit onto <strong>Korunn\u00ed Street,<\/strong><br \/>\n<strong>turn right onto <strong>Jana Masaryka Street, <\/strong>and continue straight ahead to <\/strong>Lu\u017eick\u00e1 Street.<br \/>\nYou can find our salon at<strong> Lu\u017eick\u00e1 1416\/29, Vinohrady \u2013 Prague 2.<\/strong><\/p>\n<h3>By car and parking<\/h3>\n<p><strong>Public parking <\/strong>spaces are in the surrounding streets.<br \/>\n<strong>Lu\u017eick\u00e1<\/strong>, <strong>Jana Masaryka<\/strong>, <strong>M\u00e1chova,<\/strong> and <strong>Korunn\u00ed.<\/strong><br \/>\nMost zones are <strong>paid (blue and purple<\/strong>) \u2013 you can pay at a machine or via the<br \/>\n<strong><a href=\"http:\/\/easypark.com\/\" rel=\"nofollow noopener\" target=\"_blank\">EasyPark<\/a> app.<\/strong><br \/>\nThe approximate price for parking is <strong>CZK 40\u201360 per hour.<\/strong><\/p>\n<h4>Parking map<\/h4>\n<p><a href=\"https:\/\/parking.praha.eu\/\" target=\"_blank\" rel=\"noopener nofollow\">Show parking zones in Prague 2<\/a><\/p>\n<\/section>\n<\/section>\n<\/div><\/div><div class=\"w-image align_none\"><div class=\"w-image-h\"><img decoding=\"async\" width=\"1024\" height=\"557\" src=\"https:\/\/text22.tantra-prague.cz\/wp-content\/uploads\/2025\/11\/MapatantraClubPraha2-1024x557.webp\" class=\"attachment-large size-large\" alt=\"Parkovac\u00ed mapa Tantra Club Praha 2 \u2013 Vinohrady\" loading=\"lazy\" srcset=\"https:\/\/text22.tantra-prague.cz\/wp-content\/uploads\/2025\/11\/MapatantraClubPraha2-1024x557.webp 1024w, https:\/\/text22.tantra-prague.cz\/wp-content\/uploads\/2025\/11\/MapatantraClubPraha2-300x163.webp 300w\" sizes=\"auto, (max-width: 1024px) 100vw, 1024px\" title=\"\"><\/div><\/div><\/div><\/div><div class=\"wpb_column vc_column_container us_custom_28f331de has_bg_color type_sticky\"><div class=\"vc_column-inner\" style=\"top:30px\"><h2 class=\"w-text us_custom_e50afd88\"><span class=\"w-text-h\"><span class=\"w-text-value\">Virtual tour<\/span><\/span><\/h2><div class=\"w-separator size_small\"><\/div>[vc_raw_html css=&#8221;%7B%22default%22%3A%7B%22border-radius%22%3A%2230px%22%2C%22box-shadow-blur%22%3A%2210px%22%2C%22box-shadow-spread%22%3A%221px%22%2C%22box-shadow-color%22%3A%22_main_dark%22%7D%7D&#8221;]PHN0eWxlPgogIC5tYXAtZnJhbWUgewogICAgd2lkdGg6IDEwMCU7CiAgICBoZWlnaHQ6IDQ1MHB4OwogICAgYm9yZGVyOiAwOwogICAgYm9yZGVyLXJhZGl1czogMzBweDsKICAgIG92ZXJmbG93OiBoaWRkZW47CiAgfQoKICBAbWVkaWEgKG1heC13aWR0aDogNzY4cHgpIHsKICAgIC5tYXAtZnJhbWUgewogICAgICBoZWlnaHQ6IDMzMHB4OyAvKiB5YWtsYcWfxLFrICUyNSBkYWhhIGvEsXNhICovCiAgICB9CiAgfQo8L3N0eWxlPgoKPGlmcmFtZSBjbGFzcz0ibWFwLWZyYW1lIiBzcmM9Imh0dHBzOi8vd3d3Lmdvb2dsZS5jb20vbWFwcy9lbWJlZD9wYj0hNHYxNzYyMjE1MDA1NjcwITZtOCExbTchMXNwOXRMR3BLYUp0S09WQlZUZ2U1b2J3ITJtMiExZDUwLjA3MzUzNzQ4ODMxNjAzITJkMTQuNDQ2MTg1NTE3NjU5OTQhM2YzNDguODA1MDIhNGYwITVmMC43ODIwODY1OTc0NjI3NDY5IiBhbGxvd2Z1bGxzY3JlZW49IiIgbG9hZGluZz0ibGF6eSIgcmVmZXJyZXJwb2xpY3k9Im5vLXJlZmVycmVyLXdoZW4tZG93bmdyYWRlIj4KPC9pZnJhbWU+Cg==[\/vc_raw_html]<div class=\"w-separator size_small\"><\/div><h2 class=\"w-text us_custom_e50afd88\"><span class=\"w-text-h\"><span class=\"w-text-value\">Interior<\/span><\/span><\/h2><div class=\"w-separator size_small\"><\/div><div class=\"w-slider us_custom_3b61d7d8 style_none fit_scaledown nav_none has_border_radius count_10\"><div class=\"w-slider-h\"><div class=\"royalSlider\"><div class=\"rsContent\"><a class=\"rsImg\" data-rsw=\"765\" data-rsh=\"1020\" data-rsBigImg=\"https:\/\/text22.tantra-prague.cz\/wp-content\/uploads\/2025\/11\/tantra-club-praha2-vchod.webp\" href=\"https:\/\/text22.tantra-prague.cz\/wp-content\/uploads\/2025\/11\/tantra-club-praha2-vchod.webp\"><span data-alt=\"Vchod do Tantra Club Praha 2 \u2013 Vinohrady\"><\/span><\/a><\/div><div class=\"rsContent\"><a class=\"rsImg\" data-rsw=\"382\" data-rsh=\"510\" data-rsBigImg=\"https:\/\/text22.tantra-prague.cz\/wp-content\/uploads\/2025\/11\/tantra-club-praha2-corridor.webp\" href=\"https:\/\/text22.tantra-prague.cz\/wp-content\/uploads\/2025\/11\/tantra-club-praha2-corridor.webp\"><span data-alt=\"Chodba a vstup do m\u00edstnost\u00ed \u2013 Tantra Club Praha 2\"><\/span><\/a><\/div><div class=\"rsContent\"><a class=\"rsImg\" data-rsw=\"382\" data-rsh=\"510\" data-rsBigImg=\"https:\/\/text22.tantra-prague.cz\/wp-content\/uploads\/2025\/11\/tantra-club-praha2-detail2.webp\" href=\"https:\/\/text22.tantra-prague.cz\/wp-content\/uploads\/2025\/11\/tantra-club-praha2-detail2.webp\"><span data-alt=\"Dekor a osv\u011btlen\u00ed v Tantra Club Praha 2\"><\/span><\/a><\/div><div class=\"rsContent\"><a class=\"rsImg\" data-rsw=\"382\" data-rsh=\"510\" data-rsBigImg=\"https:\/\/text22.tantra-prague.cz\/wp-content\/uploads\/2025\/11\/tantra-club-praha2-recepce.webp\" href=\"https:\/\/text22.tantra-prague.cz\/wp-content\/uploads\/2025\/11\/tantra-club-praha2-recepce.webp\"><span data-alt=\"Recepce a vstupn\u00ed prostor \u2013 Tantra Club Praha 2\"><\/span><\/a><\/div><div class=\"rsContent\"><a class=\"rsImg\" data-rsw=\"680\" data-rsh=\"510\" data-rsBigImg=\"https:\/\/text22.tantra-prague.cz\/wp-content\/uploads\/2025\/11\/tantra-club-praha2-room3.webp\" href=\"https:\/\/text22.tantra-prague.cz\/wp-content\/uploads\/2025\/11\/tantra-club-praha2-room3.webp\"><span data-alt=\"Mas\u00e1\u017en\u00ed m\u00edstnost \u010d.3 \u2013 Tantra Club Praha 2\"><\/span><\/a><\/div><div class=\"rsContent\"><a class=\"rsImg\" data-rsw=\"680\" data-rsh=\"510\" data-rsBigImg=\"https:\/\/text22.tantra-prague.cz\/wp-content\/uploads\/2025\/11\/tantra-club-praha2-detail1.webp\" href=\"https:\/\/text22.tantra-prague.cz\/wp-content\/uploads\/2025\/11\/tantra-club-praha2-detail1.webp\"><span data-alt=\"Detail interi\u00e9ru \u2013 Tantra Club Praha 2\"><\/span><\/a><\/div><div class=\"rsContent\"><a class=\"rsImg\" data-rsw=\"680\" data-rsh=\"510\" data-rsBigImg=\"https:\/\/text22.tantra-prague.cz\/wp-content\/uploads\/2025\/11\/antra-club-praha2-room2.webp\" href=\"https:\/\/text22.tantra-prague.cz\/wp-content\/uploads\/2025\/11\/antra-club-praha2-room2.webp\"><span data-alt=\"Mas\u00e1\u017en\u00ed m\u00edstnost \u010d.2 s relaxa\u010dn\u00ed atmosf\u00e9rou \u2013 Tantra Club Praha 2\"><\/span><\/a><\/div><div class=\"rsContent\"><a class=\"rsImg\" data-rsw=\"680\" data-rsh=\"510\" data-rsBigImg=\"https:\/\/text22.tantra-prague.cz\/wp-content\/uploads\/2025\/11\/tantra-club-praha2-room4.webp\" href=\"https:\/\/text22.tantra-prague.cz\/wp-content\/uploads\/2025\/11\/tantra-club-praha2-room4.webp\"><span data-alt=\"Mas\u00e1\u017en\u00ed m\u00edstnost \u010d.4 \u2013 Tantra Club Praha 2\"><\/span><\/a><\/div><div class=\"rsContent\"><a class=\"rsImg\" data-rsw=\"680\" data-rsh=\"510\" data-rsBigImg=\"https:\/\/text22.tantra-prague.cz\/wp-content\/uploads\/2025\/11\/tantra-club-praha2-room1.webp\" href=\"https:\/\/text22.tantra-prague.cz\/wp-content\/uploads\/2025\/11\/tantra-club-praha2-room1.webp\"><span data-alt=\"Mas\u00e1\u017en\u00ed m\u00edstnost \u010d.1 s vlastn\u00ed sprchou \u2013 Tantra Club Praha 2\"><\/span><\/a><\/div><div class=\"rsContent\"><a class=\"rsImg\" data-rsw=\"680\" data-rsh=\"510\" data-rsBigImg=\"https:\/\/text22.tantra-prague.cz\/wp-content\/uploads\/2025\/11\/tantra-club-praha2-hall.webp\" href=\"https:\/\/text22.tantra-prague.cz\/wp-content\/uploads\/2025\/11\/tantra-club-praha2-hall.webp\"><span data-alt=\"Relaxa\u010dn\u00ed hala s jemn\u00fdm osv\u011btlen\u00edm \u2013 Tantra Club Praha 2\"><\/span><\/a><\/div><\/div><img decoding=\"async\" src=\"https:\/\/text22.tantra-prague.cz\/wp-content\/uploads\/2025\/11\/tantra-club-praha2-vchod.webp\" width=\"765\" height=\"1020\" alt=\"Vchod do Tantra Club Praha 2 \u2013 Vinohrady\" loading=\"lazy\" title=\"\"><\/div><div class=\"w-slider-json\" onclick='return {&quot;autoScaleSlider&quot;:true,&quot;addActiveClass&quot;:true,&quot;loop&quot;:true,&quot;fadeInLoadedSlide&quot;:false,&quot;slidesSpacing&quot;:0,&quot;imageScalePadding&quot;:0,&quot;numImagesToPreload&quot;:2,&quot;arrowsNav&quot;:true,&quot;arrowsNavAutoHide&quot;:false,&quot;transitionType&quot;:&quot;move&quot;,&quot;transitionSpeed&quot;:250,&quot;block&quot;:{&quot;moveEffect&quot;:&quot;none&quot;,&quot;speed&quot;:300},&quot;thumbs&quot;:{&quot;fitInViewport&quot;:false,&quot;firstMargin&quot;:false,&quot;spacing&quot;:4},&quot;controlNavigation&quot;:&quot;none&quot;,&quot;autoplay&quot;:{&quot;enabled&quot;:true,&quot;pauseOnHover&quot;:true,&quot;delay&quot;:5000},&quot;fullscreen&quot;:{&quot;enabled&quot;:true},&quot;autoScaleSliderWidth&quot;:765,&quot;autoScaleSliderHeight&quot;:1020}'><\/div><\/div><div class=\"w-separator size_small\"><\/div><div class=\"w-separator size_small\"><\/div><div class=\"w-vwrapper us_custom_f89cb684 align_left valign_top\"><div class=\"w-iconbox us_custom_1e0e9307 iconpos_left style_default color_custom align_left no_text has_gradient\"><a href=\"https:\/\/share.google\/5BvXC6TfIlRX2TPoJ\" class=\"w-iconbox-link\" aria-label=\"Lu\u017eick\u00e1 29, Vinohrady\" rel=\"nofollow noopener\" target=\"_blank\"><div class=\"w-iconbox-icon\" style=\"font-size:20px;--icon-color:linear-gradient(180deg,#8f7032,#d1c2b0);\"><i class=\"fal fa-map-marker-alt\"><\/i><\/div><\/a><div class=\"w-iconbox-meta\"><div class=\"w-iconbox-title\"><a href=\"https:\/\/share.google\/5BvXC6TfIlRX2TPoJ\" class=\"w-iconbox-link\" aria-label=\"Lu\u017eick\u00e1 29, Vinohrady\" rel=\"nofollow noopener\" target=\"_blank\">Lu\u017eick\u00e1 29, Vinohrady<\/a><\/div><\/div><\/div><div class=\"w-iconbox iconpos_left style_default color_custom align_left has_gradient\"><div class=\"w-iconbox-icon\" style=\"font-size:20px;--icon-color:linear-gradient(180deg,#8f7032,#d1c2b0);\"><i class=\"fal fa-clock\"><\/i><\/div><div class=\"w-iconbox-meta\"><div class=\"w-iconbox-title\">Working hours<\/div><div class=\"w-iconbox-text\"><p>Mon\u2013Sun 09:00\u201305:00<\/p>\n<\/div><\/div><\/div><div class=\"w-iconbox iconpos_left style_default color_custom align_left no_text has_gradient\"><a href=\"tel:+420 722 123 111\" class=\"w-iconbox-link\" aria-label=\"+420 722 123 111\"><div class=\"w-iconbox-icon\" style=\"font-size:20px;--icon-color:linear-gradient(180deg,#8f7032,#d1c2b0);\"><i class=\"fal fa-phone\"><\/i><\/div><\/a><div class=\"w-iconbox-meta\"><div class=\"w-iconbox-title\"><a href=\"tel:+420 722 123 111\" class=\"w-iconbox-link\" aria-label=\"+420 722 123 111\">+420 722 123 111<\/a><\/div><\/div><\/div><div class=\"w-iconbox iconpos_left style_default color_custom align_left no_text has_gradient\"><a href=\"mailto:info@tantra-prague.cz\" class=\"w-iconbox-link\" aria-label=\"info@tantra-prague.cz\"><div class=\"w-iconbox-icon\" style=\"font-size:20px;--icon-color:linear-gradient(180deg,#8f7032,#d1c2b0);\"><i class=\"fas fa-envelope\"><\/i><\/div><\/a><div class=\"w-iconbox-meta\"><div class=\"w-iconbox-title\"><a href=\"mailto:info@tantra-prague.cz\" class=\"w-iconbox-link\" aria-label=\"info@tantra-prague.cz\">info@tantra-prague.cz<\/a><\/div><\/div><\/div><div class=\"w-hwrapper valign_top wrap align_center\" style=\"--hwrapper-gap:0.7rem\"><div class=\"w-btn-wrapper align_none hide_on_default hide_on_laptops\"><a class=\"w-btn us-btn-style_9 icon_atleft\" href=\"uber:\/\/?action=setPickup&amp;pickup=my_location&amp;dropoff[place_id]=ChIJOc6rw5aVC0cRENGuYcnfzJE&amp;dropoff[nickname]=Tantra Club Vinohrady&amp;dropoff[formatted_address]=Lu\u017eick\u00e1 1416\/29, Vinohrady, Praha 2\"><i class=\"fab fa-uber\"><\/i><span class=\"w-btn-label\">Uber<\/span><\/a><\/div><div class=\"w-btn-wrapper align_none hide_on_tablets hide_on_mobiles\"><a class=\"w-btn us-btn-style_9 icon_atleft\" href=\"https:\/\/m.uber.com\/go\/home?drop[0]={&quot;addressLine1&quot;:&quot;Erotick\u00e9+mas\u00e1\u017ee+Praha+-+Tantra+Club+-+Lu\u017eick\u00e1+29+|+Erotic+massage+Prague&quot;,&quot;addressLine2&quot;:&quot;Lu\u017eick\u00e1+1416\/29,+Vinohrady+2,+Praha+2&quot;,&quot;fullAddress&quot;:&quot;Lu\u017eick\u00e1+1416\/29,+Vinohrady+2,+120+00+Praha+2,+\u010cesko&quot;,&quot;id&quot;:&quot;ChIJOc6rw5aVC0cRENGuYcnfzJE&quot;,&quot;latitude&quot;:50.0736433,&quot;longitude&quot;:14.4461477,&quot;provider&quot;:&quot;google_places&quot;,&quot;title&quot;:&quot;Erotick\u00e9+mas\u00e1\u017ee+Praha+-+Tantra+Club+-+Lu\u017eick\u00e1+29+|+Erotic+massage+Prague&quot;}&amp;uclick_id=30ef4b64-8efc-45b4-8058-e1fa82aed5b0\" rel=\"nofollow noopener\" target=\"_blank\"><i class=\"fab fa-uber\"><\/i><span class=\"w-btn-label\">Uber<\/span><\/a><\/div><div class=\"w-btn-wrapper align_none hide_on_default hide_on_laptops\"><a class=\"w-btn us-btn-style_9 icon_atleft\" href=\"waze:\/\/?place=ChIJOc6rw5aVC0cRENGuYcnfzJE&amp;ll=50.0736433,14.4461477&amp;navigate=yes\"><i class=\"fab fa-waze\"><\/i><span class=\"w-btn-label\">Waze<\/span><\/a><\/div><div class=\"w-btn-wrapper align_none hide_on_tablets hide_on_mobiles\"><a class=\"w-btn us-btn-style_9 icon_atleft\" href=\"https:\/\/ul.waze.com\/ul?place=ChIJOc6rw5aVC0cRENGuYcnfzJE&amp;ll=50.0736433,14.4461477&amp;navigate=yes&amp;utm_campaign=default&amp;utm_source=waze_website&amp;utm_medium=lm_share_location\" rel=\"nofollow noopener\" target=\"_blank\"><i class=\"fab fa-waze\"><\/i><span class=\"w-btn-label\">Waze<\/span><\/a><\/div><div class=\"w-btn-wrapper align_none\"><a class=\"w-btn us-btn-style_9 icon_atleft\" href=\"https:\/\/www.google.com\/maps\/dir\/?api=1&amp;destination=Erotick\u00e9+mas\u00e1\u017ee+Praha+-+Tantra+Club+-+Lu\u017eick\u00e1+29+|+Erotic+massage+Prague\" rel=\"nofollow noopener\" target=\"_blank\"><i class=\"fab fa-google\"><\/i><span class=\"w-btn-label\">Map<\/span><\/a><\/div><div class=\"w-btn-wrapper align_none\"><a class=\"w-btn us-btn-style_5 template icon_atleft\" href=\"https:\/\/tantra-prague.cz\/en\/reservation\/\"><i class=\"fal fa-arrow-right\"><\/i><span class=\"w-btn-label\">Reservations<\/span><\/a><\/div><div class=\"w-btn-wrapper align_none\"><a class=\"w-btn us-btn-style_5 template icon_atleft\" href=\"https:\/\/wa.me\/420722123111\" rel=\"nofollow noopener\" target=\"_blank\"><i class=\"fab fa-whatsapp\"><\/i><span class=\"w-btn-label\">Whatsapp<\/span><\/a><\/div><\/div><\/div><div class=\"w-separator size_small\"><\/div><h2 class=\"w-text us_custom_e50afd88\"><span class=\"w-text-h\"><span class=\"w-text-value\">Other branches<\/span><\/span><\/h2><div class=\"w-hwrapper valign_top align_none\" style=\"--hwrapper-gap:0.5rem\"><div class=\"w-image align_none\"><div class=\"w-image-h\"><img decoding=\"async\" width=\"60\" height=\"60\" src=\"https:\/\/text22.tantra-prague.cz\/wp-content\/uploads\/2025\/11\/Tantra-Club-logo.png\" class=\"attachment-full size-full\" alt=\"antra Club Praha \u2013 ofici\u00e1ln\u00ed zna\u010dka salonu\" loading=\"lazy\" title=\"\"><\/div><\/div><div class=\"wpb_text_column us_custom_37f22a29 has_text_color\"><div class=\"wpb_wrapper\"><p><a href=\"https:\/\/text22.tantra-prague.cz\/en\/branches\/tantra-club-prague-1-new-town\/\"><strong>Tantra Club <\/strong><strong>Nov\u00e9 M\u011bsto<\/strong><br \/>\n<span><span>P\u0161trossova 14, Prague 1<\/span><\/span><\/a><\/p>\n<\/div><\/div><\/div><\/div><\/div><\/div><\/div><\/section>\n","protected":false},"excerpt":{"rendered":"Erotic massage Prague 2Tantra Club Vinohrady About the branch Welcome to our Tantra Club Vinohrady branch, where modern design meets luxury and maximum discretion. We are located at Lu\u017eick\u00e1 29, Prague 2 \u2013 Vinohrady, an ideal place for those seeking an unforgettable erotic massage experience in Prague. Our salon is designed with comfort and privacy...","protected":false},"author":3,"featured_media":0,"parent":282047,"menu_order":0,"comment_status":"closed","ping_status":"closed","template":"","meta":{"_acf_changed":false,"footnotes":""},"class_list":["post-282071","page","type-page","status-publish","hentry"],"acf":[],"_links":{"self":[{"href":"https:\/\/text22.tantra-prague.cz\/en\/wp-json\/wp\/v2\/pages\/282071","targetHints":{"allow":["GET"]}}],"collection":[{"href":"https:\/\/text22.tantra-prague.cz\/en\/wp-json\/wp\/v2\/pages"}],"about":[{"href":"https:\/\/text22.tantra-prague.cz\/en\/wp-json\/wp\/v2\/types\/page"}],"author":[{"embeddable":true,"href":"https:\/\/text22.tantra-prague.cz\/en\/wp-json\/wp\/v2\/users\/3"}],"replies":[{"embeddable":true,"href":"https:\/\/text22.tantra-prague.cz\/en\/wp-json\/wp\/v2\/comments?post=282071"}],"version-history":[{"count":6,"href":"https:\/\/text22.tantra-prague.cz\/en\/wp-json\/wp\/v2\/pages\/282071\/revisions"}],"predecessor-version":[{"id":282087,"href":"https:\/\/text22.tantra-prague.cz\/en\/wp-json\/wp\/v2\/pages\/282071\/revisions\/282087"}],"up":[{"embeddable":true,"href":"https:\/\/text22.tantra-prague.cz\/en\/wp-json\/wp\/v2\/pages\/282047"}],"wp:attachment":[{"href":"https:\/\/text22.tantra-prague.cz\/en\/wp-json\/wp\/v2\/media?parent=282071"}],"curies":[{"name":"wp","href":"https:\/\/api.w.org\/{rel}","templated":true}]}}