{"id":282058,"date":"2025-11-04T04:19:51","date_gmt":"2025-11-04T02:19:51","guid":{"rendered":"https:\/\/tantra-prague.cz\/branches\/tantra-club-prague-1-new-town\/"},"modified":"2025-11-05T05:29:43","modified_gmt":"2025-11-05T03:29:43","slug":"tantra-club-prague-1-new-town","status":"publish","type":"page","link":"https:\/\/text22.tantra-prague.cz\/en\/branches\/tantra-club-prague-1-new-town\/","title":{"rendered":"Tantra Club Prague 1 &#8211; New Town"},"content":{"rendered":"<section class=\"l-section wpb_row height_small\"><div class=\"l-section-h i-cf\"><div class=\"g-cols vc_row via_grid cols_2 laptops-cols_inherit tablets-cols_2 mobiles-cols_1 valign_top type_default stacking_default\" style=\"--columns-gap:0rem;\"><div class=\"wpb_column vc_column_container us_custom_28f331de has_bg_color\"><div class=\"vc_column-inner\"><h1 class=\"w-text us_custom_8b43f374 has_text_color\"><span class=\"w-text-h\"><span class=\"w-text-value\">Erotic massage Prague 1<\/span><\/span><\/h1><h2 class=\"w-text us_custom_7da57b3b\"><span class=\"w-text-h\"><span class=\"w-text-value\">Tantra Club New Town<\/span><\/span><\/h2><div class=\"w-separator size_custom\" style=\"height:10px\"><\/div><div class=\"wpb_text_column us_custom_bd2ee465\"><div class=\"wpb_wrapper\"><section id=\"kudy-k-nam\">\n<h2 data-start=\"219\" data-end=\"238\"><strong data-start=\"223\" data-end=\"236\">About the branch<\/strong><\/h2>\n<p data-start=\"239\" data-end=\"568\">Welcome to <strong data-start=\"249\" data-end=\"275\">Tantra Club New Town<\/strong> \u2013 a modern <a href=\"https:\/\/text22.tantra-prague.cz\/en\/massage\/\"><strong data-start=\"490\" data-end=\"528\">erotic massage<\/strong> <\/a>salon located at <strong data-start=\"322\" data-end=\"366\">P\u0161trossova 1895\/14, Prague 1 \u2013 Nov\u00e9 M\u011bsto<\/strong>.<br data-start=\"367\" data-end=\"370\" \/>Our luxurious salon combines elegant design with maximum comfort for relaxation and unforgettable experiences.<br data-start=\"475\" data-end=\"478\" \/>Here you will find four <strong data-start=\"538\" data-end=\"567\"><a href=\"https:\/\/test.tantra-prague.cz\/masaze\/masaz-erotic-mix\/\">exclusive massage<\/a> <\/strong>rooms, each with its own private shower.<\/p>\n<hr data-start=\"570\" data-end=\"573\" \/>\n<p data-start=\"575\" data-end=\"602\"><strong data-start=\"579\" data-end=\"600\">Hygiene and comfort<\/strong><\/p>\n<p data-start=\"603\" data-end=\"904\">We use the <strong data-start=\"613\" data-end=\"645\">highest quality massage oils<\/strong> with a delicate scent. Clean, washed, and disinfected towels are provided after each massage.<br data-start=\"736\" data-end=\"739\" \/>Premium <strong data-start=\"693\" data-end=\"735\">shower gels, mouthwash, <\/strong>and<strong data-start=\"761\" data-end=\"827\"> personal toiletries are also available.<\/strong><br data-start=\"828\" data-end=\"831\" \/>We adhere to the <strong data-start=\"840\" data-end=\"873\">highest hygiene standards,<\/strong> including ozone <strong data-start=\"882\" data-end=\"903\">treatment of the premises.<\/strong><\/p>\n<hr data-start=\"906\" data-end=\"909\" \/>\n<p data-start=\"911\" data-end=\"938\"><strong data-start=\"915\" data-end=\"936\">Services and techniques<\/strong><\/p>\n<p data-start=\"939\" data-end=\"1114\">We specialize in a wide range of <strong data-start=\"974\" data-end=\"995\"><a href=\"https:\/\/text22.tantra-prague.cz\/en\/massage\/body-to-body-massage\/\">erotic massages<\/a><\/strong> \u2013 from traditional methods to modern approaches.<br data-start=\"1038\" data-end=\"1041\" \/>Each massage is<strong data-start=\"1056\" data-end=\"1085\"> individually tailored<\/strong> to your ideas and needs.<\/p>\n<hr data-start=\"1116\" data-end=\"1119\" \/>\n<p data-start=\"1121\" data-end=\"1147\"><strong data-start=\"1125\" data-end=\"1145\">Reception and facilities<\/strong><\/p>\n<p data-start=\"1148\" data-end=\"1284\">The <strong data-start=\"1148\" data-end=\"1177\">spacious reception area <\/strong>with a bar offers a selection of refreshing drinks before and after your massage.<br data-start=\"1228\" data-end=\"1231\" \/>Discretion and <strong data-start=\"1231\" data-end=\"1256\">comfort are our top priorities.<\/strong><\/p>\n<h2>Which way to us?<\/h2>\n<h3>Metro<\/h3>\n<p><strong>Line B (yellow)<\/strong>. Nearest stations: <strong>N\u00e1rodn\u00ed t\u0159\u00edda<\/strong><br \/>\n<strong>Charles Square<\/strong> \u2013 a few minutes&#8217; walk away.<\/p>\n<h3>Trams<\/h3>\n<p>Nearest stop:<strong> Mysl\u00edkova<\/strong>. From there, it is a pleasant few minutes&#8217; walk along P\u0161trossova Street.<\/p>\n<h3>On foot from Karlovo n\u00e1m\u011bst\u00ed metro station<\/h3>\n<p>From Karlovo n\u00e1m\u011bst\u00ed station (line B), head to Mysl\u00edkova Street, continuetowards the Vltava River, and turn left onto P\u0161trossova Street. The salon is located at<br \/>\n<strong>P\u0161trossova 14<\/strong>.<\/p>\n<h3>By car and parking<\/h3>\n<p>There are <strong>public parking spaces<\/strong> in the vicinity on P\u0161trossova and Mysl\u00edkova Streets.<br \/>\n<strong>Opatovick\u00e1<\/strong> and <strong>Sp\u00e1len\u00e1.<\/strong> Most zones are<strong> paid (blue\/purple);<\/strong><br \/>\npayment via the &#8220;<strong><a href=\"http:\/\/easypark.com\/\" rel=\"nofollow noopener\" target=\"_blank\">EasyPark<\/a><\/strong>&#8221; app or machine.<\/p>\n<h4>Parking map<\/h4>\n<\/section>\n<\/div><\/div><div class=\"w-image align_none\"><div class=\"w-image-h\"><img decoding=\"async\" width=\"1024\" height=\"508\" src=\"https:\/\/text22.tantra-prague.cz\/wp-content\/uploads\/2025\/11\/MapaTantraClubPraha1-1024x508.webp\" class=\"attachment-large size-large\" alt=\"Parkovac\u00ed mapa Tantra Club Praha 1 \u2013 P\u0161trossova 14\" loading=\"lazy\" srcset=\"https:\/\/text22.tantra-prague.cz\/wp-content\/uploads\/2025\/11\/MapaTantraClubPraha1-1024x508.webp 1024w, https:\/\/text22.tantra-prague.cz\/wp-content\/uploads\/2025\/11\/MapaTantraClubPraha1-300x149.webp 300w\" sizes=\"auto, (max-width: 1024px) 100vw, 1024px\" title=\"\"><\/div><\/div><\/div><\/div><div class=\"wpb_column vc_column_container us_custom_28f331de has_bg_color type_sticky\"><div class=\"vc_column-inner\" style=\"top:30px\"><h2 class=\"w-text us_custom_e50afd88\"><span class=\"w-text-h\"><span class=\"w-text-value\">Virtual tour<\/span><\/span><\/h2><div class=\"w-separator size_small\"><\/div>[vc_raw_html css=&#8221;%7B%22default%22%3A%7B%22border-radius%22%3A%2230px%22%2C%22box-shadow-blur%22%3A%2210px%22%2C%22box-shadow-spread%22%3A%221px%22%2C%22box-shadow-color%22%3A%22_main_dark%22%7D%7D&#8221;]PHN0eWxlPgogIC5tYXAtZnJhbWUgewogICAgd2lkdGg6IDEwMCU7CiAgICBoZWlnaHQ6IDQ1MHB4OwogICAgYm9yZGVyOiAwOwogICAgYm9yZGVyLXJhZGl1czogMzBweDsKICAgIG92ZXJmbG93OiBoaWRkZW47CiAgfQoKICBAbWVkaWEgKG1heC13aWR0aDogNzY4cHgpIHsKICAgIC5tYXAtZnJhbWUgewogICAgICBoZWlnaHQ6IDMzMHB4OyAvKiB5YWtsYcWfxLFrICUyNSBkYWhhIGvEsXNhICovCiAgICB9CiAgfQo8L3N0eWxlPgoKPGlmcmFtZSBjbGFzcz0ibWFwLWZyYW1lIiBzcmM9Imh0dHBzOi8vd3d3Lmdvb2dsZS5jb20vbWFwcy9lbWJlZD9wYj0hNHYxNzYyMTg0NzA1NjYwITZtOCExbTchMXNDQW9TSEVOSlFVSkphRUpaVkZKNlp6UnNjbXBYZFhCSFozTXdjSGhTTmkwLiEybTIhMWQ1MC4wNzg2MTIyMDI3MjI4MSEyZDE0LjQxNjE1NDg2NzM3NjQ5ITNmODUuMDUwODcyMDQ2ODM1NjEhNGYtMi43NTAxOTYxMjk4OTI4NzA1ITVmMC40MDAwMDAwMDAwMDAwMDAyIiBhbGxvd2Z1bGxzY3JlZW49IiIgbG9hZGluZz0ibGF6eSIgcmVmZXJyZXJwb2xpY3k9Im5vLXJlZmVycmVyLXdoZW4tZG93bmdyYWRlIj4KPC9pZnJhbWU+Cg==[\/vc_raw_html]<div class=\"w-separator size_small\"><\/div><h2 class=\"w-text us_custom_e50afd88\"><span class=\"w-text-h\"><span class=\"w-text-value\">Interior<\/span><\/span><\/h2><div class=\"w-separator size_small\"><\/div><div class=\"w-slider us_custom_3b61d7d8 style_none fit_scaledown nav_dots has_border_radius count_13\"><div class=\"w-slider-h\"><div class=\"royalSlider\"><div class=\"rsContent\"><a class=\"rsImg\" data-rsw=\"1024\" data-rsh=\"529\" data-rsBigImg=\"https:\/\/text22.tantra-prague.cz\/wp-content\/uploads\/2025\/11\/tantra-club-praha1-vchod.webp\" href=\"https:\/\/text22.tantra-prague.cz\/wp-content\/uploads\/2025\/11\/tantra-club-praha1-vchod-1024x529.webp\"><span data-alt=\"Vchod do Tantra Club Praha 1 \u2013 P\u0161trossova 1\"><\/span><\/a><\/div><div class=\"rsContent\"><a class=\"rsImg\" data-rsw=\"1024\" data-rsh=\"529\" data-rsBigImg=\"https:\/\/text22.tantra-prague.cz\/wp-content\/uploads\/2025\/11\/tantra-club-praha1-bar.webp\" href=\"https:\/\/text22.tantra-prague.cz\/wp-content\/uploads\/2025\/11\/tantra-club-praha1-bar-1024x529.webp\"><span data-alt=\"Bar a recepce v Tantra Club Praha 1\"><\/span><\/a><\/div><div class=\"rsContent\"><a class=\"rsImg\" data-rsw=\"1024\" data-rsh=\"529\" data-rsBigImg=\"https:\/\/text22.tantra-prague.cz\/wp-content\/uploads\/2025\/11\/tantra-club-praha1-hall1.webp\" href=\"https:\/\/text22.tantra-prague.cz\/wp-content\/uploads\/2025\/11\/tantra-club-praha1-hall1-1024x529.webp\"><span data-alt=\"Hala a relax z\u00f3na \u2013 Tantra Club Praha 1\"><\/span><\/a><\/div><div class=\"rsContent\"><a class=\"rsImg\" data-rsw=\"1024\" data-rsh=\"529\" data-rsBigImg=\"https:\/\/text22.tantra-prague.cz\/wp-content\/uploads\/2025\/11\/tantra-club-praha1-hall2.webp\" href=\"https:\/\/text22.tantra-prague.cz\/wp-content\/uploads\/2025\/11\/tantra-club-praha1-hall2-1024x529.webp\"><span data-alt=\"Relaxa\u010dn\u00ed hala s jemn\u00fdm osv\u011btlen\u00edm \u2013 Tantra Club Praha 1\"><\/span><\/a><\/div><div class=\"rsContent\"><a class=\"rsImg\" data-rsw=\"1024\" data-rsh=\"529\" data-rsBigImg=\"https:\/\/text22.tantra-prague.cz\/wp-content\/uploads\/2025\/11\/tantra-club-praha1-hall3.webp\" href=\"https:\/\/text22.tantra-prague.cz\/wp-content\/uploads\/2025\/11\/tantra-club-praha1-hall3-1024x529.webp\"><span data-alt=\"Lounge a odpo\u010dinkov\u00e1 \u010d\u00e1st \u2013 Tantra Club Praha 1\"><\/span><\/a><\/div><div class=\"rsContent\"><a class=\"rsImg\" data-rsw=\"1024\" data-rsh=\"529\" data-rsBigImg=\"https:\/\/text22.tantra-prague.cz\/wp-content\/uploads\/2025\/11\/tantra-club-praha1-hall6.webp\" href=\"https:\/\/text22.tantra-prague.cz\/wp-content\/uploads\/2025\/11\/tantra-club-praha1-hall6-1024x529.webp\"><span data-alt=\"Elegantn\u00ed interi\u00e9r Tantra Club Praha 1\"><\/span><\/a><\/div><div class=\"rsContent\"><a class=\"rsImg\" data-rsw=\"1024\" data-rsh=\"529\" data-rsBigImg=\"https:\/\/text22.tantra-prague.cz\/wp-content\/uploads\/2025\/11\/tantra-club-praha1-hall4.webp\" href=\"https:\/\/text22.tantra-prague.cz\/wp-content\/uploads\/2025\/11\/tantra-club-praha1-hall4-1024x529.webp\"><span data-alt=\"Relaxa\u010dn\u00ed chodba s dekorem \u2013 Tantra Club Praha 1\"><\/span><\/a><\/div><div class=\"rsContent\"><a class=\"rsImg\" data-rsw=\"1024\" data-rsh=\"529\" data-rsBigImg=\"https:\/\/text22.tantra-prague.cz\/wp-content\/uploads\/2025\/11\/tantra-club-praha1-room2.webp\" href=\"https:\/\/text22.tantra-prague.cz\/wp-content\/uploads\/2025\/11\/tantra-club-praha1-room2-1024x529.webp\"><span data-alt=\"Mas\u00e1\u017en\u00ed m\u00edstnost \u010d.2 s relaxa\u010dn\u00ed atmosf\u00e9rou \u2013 Tantra Club Praha 1\"><\/span><\/a><\/div><div class=\"rsContent\"><a class=\"rsImg\" data-rsw=\"1024\" data-rsh=\"529\" data-rsBigImg=\"https:\/\/text22.tantra-prague.cz\/wp-content\/uploads\/2025\/11\/antra-club-praha1-room1b.webp\" href=\"https:\/\/text22.tantra-prague.cz\/wp-content\/uploads\/2025\/11\/antra-club-praha1-room1b-1024x529.webp\"><span data-alt=\"Detaily interi\u00e9ru mas\u00e1\u017en\u00ed m\u00edstnosti \u010d.1 \u2013 Tantra Club Praha 1\"><\/span><\/a><\/div><div class=\"rsContent\"><a class=\"rsImg\" data-rsw=\"1024\" data-rsh=\"529\" data-rsBigImg=\"https:\/\/text22.tantra-prague.cz\/wp-content\/uploads\/2025\/11\/tantra-club-praha1-room1.webp\" href=\"https:\/\/text22.tantra-prague.cz\/wp-content\/uploads\/2025\/11\/tantra-club-praha1-room1-1024x529.webp\"><span data-alt=\"Mas\u00e1\u017en\u00ed m\u00edstnost \u010d.1 s vlastn\u00ed sprchou \u2013 Tantra Club Praha 1\"><\/span><\/a><\/div><div class=\"rsContent\"><a class=\"rsImg\" data-rsw=\"1024\" data-rsh=\"529\" data-rsBigImg=\"https:\/\/text22.tantra-prague.cz\/wp-content\/uploads\/2025\/11\/tantra-club-praha1-room2b.webp\" href=\"https:\/\/text22.tantra-prague.cz\/wp-content\/uploads\/2025\/11\/tantra-club-praha1-room2b-1024x529.webp\"><span data-alt=\"Detaily interi\u00e9ru mas\u00e1\u017en\u00ed m\u00edstnosti \u010d.1 \u2013 Tantra Club Praha 1\"><\/span><\/a><\/div><div class=\"rsContent\"><a class=\"rsImg\" data-rsw=\"1024\" data-rsh=\"529\" data-rsBigImg=\"https:\/\/text22.tantra-prague.cz\/wp-content\/uploads\/2025\/11\/tantra-club-praha1-room4b.webp\" href=\"https:\/\/text22.tantra-prague.cz\/wp-content\/uploads\/2025\/11\/tantra-club-praha1-room4b-1024x529.webp\"><span data-alt=\"Detail mas\u00e1\u017en\u00ed postele \u2013 Tantra Club Praha 1\"><\/span><\/a><\/div><div class=\"rsContent\"><a class=\"rsImg\" data-rsw=\"1024\" data-rsh=\"529\" data-rsBigImg=\"https:\/\/text22.tantra-prague.cz\/wp-content\/uploads\/2025\/11\/antra-club-praha1-room3.webp\" href=\"https:\/\/text22.tantra-prague.cz\/wp-content\/uploads\/2025\/11\/antra-club-praha1-room3-1024x529.webp\"><span data-alt=\"Mas\u00e1\u017en\u00ed m\u00edstnost \u010d.3 s ambientn\u00edm sv\u011btlem \u2013 Tantra Club Praha 1\"><\/span><\/a><\/div><\/div><img decoding=\"async\" src=\"https:\/\/text22.tantra-prague.cz\/wp-content\/uploads\/2025\/11\/tantra-club-praha1-vchod-1024x529.webp\" width=\"1024\" height=\"529\" alt=\"Vchod do Tantra Club Praha 1 \u2013 P\u0161trossova 1\" loading=\"lazy\" title=\"\"><\/div><div class=\"w-slider-json\" onclick='return {&quot;autoScaleSlider&quot;:true,&quot;addActiveClass&quot;:true,&quot;loop&quot;:true,&quot;fadeInLoadedSlide&quot;:false,&quot;slidesSpacing&quot;:0,&quot;imageScalePadding&quot;:0,&quot;numImagesToPreload&quot;:2,&quot;arrowsNav&quot;:true,&quot;arrowsNavAutoHide&quot;:false,&quot;transitionType&quot;:&quot;move&quot;,&quot;transitionSpeed&quot;:250,&quot;block&quot;:{&quot;moveEffect&quot;:&quot;none&quot;,&quot;speed&quot;:300},&quot;thumbs&quot;:{&quot;fitInViewport&quot;:false,&quot;firstMargin&quot;:false,&quot;spacing&quot;:4},&quot;controlNavigation&quot;:&quot;bullets&quot;,&quot;autoplay&quot;:{&quot;enabled&quot;:true,&quot;pauseOnHover&quot;:true,&quot;delay&quot;:4000},&quot;fullscreen&quot;:{&quot;enabled&quot;:true},&quot;autoScaleSliderWidth&quot;:1024,&quot;autoScaleSliderHeight&quot;:529}'><\/div><\/div><div class=\"w-separator size_small\"><\/div><div class=\"w-separator size_small\"><\/div><div class=\"w-vwrapper us_custom_f89cb684 align_left valign_top\"><div class=\"w-iconbox us_custom_1e0e9307 iconpos_left style_default color_custom align_left no_text has_gradient\"><a href=\"https:\/\/g.co\/kgs\/gqJe83T\" class=\"w-iconbox-link\" aria-label=\"P\u0161trossova 14, Prague 1\" rel=\"nofollow\"><div class=\"w-iconbox-icon\" style=\"font-size:20px;--icon-color:linear-gradient(180deg,#8f7032,#d1c2b0);\"><i class=\"fal fa-map-marker-alt\"><\/i><\/div><\/a><div class=\"w-iconbox-meta\"><div class=\"w-iconbox-title\"><a href=\"https:\/\/g.co\/kgs\/gqJe83T\" class=\"w-iconbox-link\" aria-label=\"P\u0161trossova 14, Prague 1\" rel=\"nofollow\">P\u0161trossova 14, Prague 1<\/a><\/div><\/div><\/div><div class=\"w-iconbox iconpos_left style_default color_custom align_left has_gradient\"><div class=\"w-iconbox-icon\" style=\"font-size:20px;--icon-color:linear-gradient(180deg,#8f7032,#d1c2b0);\"><i class=\"fal fa-clock\"><\/i><\/div><div class=\"w-iconbox-meta\"><div class=\"w-iconbox-title\">Working hours<\/div><div class=\"w-iconbox-text\"><p><strong data-start=\"68\" data-end=\"89\"><strong data-start=\"92\" data-end=\"113\">Mon\u2013Fri 08:00\u201305:00<br data-start=\"89\" data-end=\"92\" \/>Sat\u2013Sun 08:00\u201306:30<\/strong><\/strong><\/p>\n<\/div><\/div><\/div><div class=\"w-iconbox iconpos_left style_default color_custom align_left no_text has_gradient\"><a href=\"tel:+420 722 123 111\" class=\"w-iconbox-link\" aria-label=\"+420 722 123 111\"><div class=\"w-iconbox-icon\" style=\"font-size:20px;--icon-color:linear-gradient(180deg,#8f7032,#d1c2b0);\"><i class=\"fal fa-phone\"><\/i><\/div><\/a><div class=\"w-iconbox-meta\"><div class=\"w-iconbox-title\"><a href=\"tel:+420 722 123 111\" class=\"w-iconbox-link\" aria-label=\"+420 722 123 111\">+420 722 123 111<\/a><\/div><\/div><\/div><div class=\"w-iconbox iconpos_left style_default color_custom align_left no_text has_gradient\"><a href=\"mailto:info@tantra-prague.cz\" class=\"w-iconbox-link\" aria-label=\"info@tantra-prague.cz\"><div class=\"w-iconbox-icon\" style=\"font-size:20px;--icon-color:linear-gradient(180deg,#8f7032,#d1c2b0);\"><i class=\"fas fa-envelope\"><\/i><\/div><\/a><div class=\"w-iconbox-meta\"><div class=\"w-iconbox-title\"><a href=\"mailto:info@tantra-prague.cz\" class=\"w-iconbox-link\" aria-label=\"info@tantra-prague.cz\">info@tantra-prague.cz<\/a><\/div><\/div><\/div><div class=\"w-hwrapper valign_top wrap align_center\" style=\"--hwrapper-gap:0.7rem\"><div class=\"w-btn-wrapper align_none hide_on_default hide_on_laptops\"><a class=\"w-btn us-btn-style_9 icon_atleft\" href=\"uber:\/\/?action=setPickup&amp;pickup=my_location&amp;dropoff[latitude]=50.0786214&amp;dropoff[longitude]=14.4161461&amp;dropoff[nickname]=Tantra Club Pstrossova 14&amp;dropoff[formatted_address]=P\u0161trossova 1895\/14, Praha 1 Nov\u00e9 M\u011bsto\"><i class=\"fab fa-uber\"><\/i><span class=\"w-btn-label\">Uber<\/span><\/a><\/div><div class=\"w-btn-wrapper align_none hide_on_tablets hide_on_mobiles\"><a class=\"w-btn us-btn-style_9 icon_atleft\" href=\"https:\/\/m.uber.com\/go\/home?drop[0]={&quot;addressLine1&quot;:&quot;Erotic+Massage+-+Prague+1+|+Tantra+Club&quot;,&quot;addressLine2&quot;:&quot;P\u0161trossova+1895\/14,+Praha+1-Nov\u00e9+M\u011bsto&quot;,&quot;fullAddress&quot;:&quot;P\u0161trossova+1895\/14,+110+00+Praha+1-Nov\u00e9+M\u011bsto,+\u010cesko&quot;,&quot;id&quot;:&quot;ChIJdcf_14WVC0cRcvawSV9iug0&quot;,&quot;latitude&quot;:50.07861200000001,&quot;longitude&quot;:14.4161527,&quot;provider&quot;:&quot;google_places&quot;,&quot;title&quot;:&quot;Erotic+Massage+-+Prague+1+|+Tantra+Club&quot;}&amp;uclick_id=30ef4b64-8efc-45b4-8058-e1fa82aed5b0\" rel=\"nofollow noopener\" target=\"_blank\"><i class=\"fab fa-uber\"><\/i><span class=\"w-btn-label\">Uber<\/span><\/a><\/div><div class=\"w-btn-wrapper align_none hide_on_default hide_on_laptops\"><a class=\"w-btn us-btn-style_9 icon_atleft\" href=\"waze:\/\/?favorite=Tantra Club Prague 1&amp;ll=50.078620,14.416145&amp;navigate=yes\"><i class=\"fab fa-waze\"><\/i><span class=\"w-btn-label\">Waze<\/span><\/a><\/div><div class=\"w-btn-wrapper align_none hide_on_tablets hide_on_mobiles\"><a class=\"w-btn us-btn-style_9 icon_atleft\" href=\"https:\/\/ul.waze.com\/ul?place=ChIJdcf_14WVC0cRcvawSV9iug0&amp;ll=50.07861200,14.41615270&amp;navigate=yes&amp;utm_campaign=default&amp;utm_source=waze_website&amp;utm_medium=lm_share_location\" rel=\"nofollow noopener\" target=\"_blank\"><i class=\"fab fa-waze\"><\/i><span class=\"w-btn-label\">Waze<\/span><\/a><\/div><div class=\"w-btn-wrapper align_none\"><a class=\"w-btn us-btn-style_9 icon_atleft\" href=\"https:\/\/www.google.com\/maps\/dir\/?api=1&amp;destination=Erotic+Massage+-+Prague+1+|+Tantra+Club\" rel=\"nofollow noopener\" target=\"_blank\"><i class=\"fab fa-google\"><\/i><span class=\"w-btn-label\">Map<\/span><\/a><\/div><div class=\"w-btn-wrapper align_none\"><a class=\"w-btn us-btn-style_5 template icon_atleft\" href=\"https:\/\/tantra-prague.cz\/en\/reservation\/\"><i class=\"fal fa-arrow-right\"><\/i><span class=\"w-btn-label\">Reservations<\/span><\/a><\/div><div class=\"w-btn-wrapper align_none\"><a class=\"w-btn us-btn-style_5 template icon_atleft\" href=\"https:\/\/wa.me\/420722123111\" rel=\"nofollow noopener\" target=\"_blank\"><i class=\"fab fa-whatsapp\"><\/i><span class=\"w-btn-label\">Whatsapp<\/span><\/a><\/div><\/div><\/div><div class=\"w-separator size_small\"><\/div><h2 class=\"w-text us_custom_e50afd88\"><span class=\"w-text-h\"><span class=\"w-text-value\">Other branches<\/span><\/span><\/h2><div class=\"w-hwrapper valign_top align_none\" style=\"--hwrapper-gap:0.5rem\"><div class=\"w-image align_none\"><div class=\"w-image-h\"><img decoding=\"async\" width=\"60\" height=\"60\" src=\"https:\/\/text22.tantra-prague.cz\/wp-content\/uploads\/2025\/11\/Tantra-Club-logo.png\" class=\"attachment-full size-full\" alt=\"antra Club Praha \u2013 ofici\u00e1ln\u00ed zna\u010dka salonu\" loading=\"lazy\" title=\"\"><\/div><\/div><div class=\"wpb_text_column us_custom_37f22a29 has_text_color\"><div class=\"wpb_wrapper\"><p><strong><a href=\"https:\/\/text22.tantra-prague.cz\/en\/branches\/tantra-club-prague-2-vinohrady\/\">Tantra Club Vinohrady<br \/>\nLu\u017eick\u00e1 29, Prague 2<\/a><\/strong><strong><br \/>\n<\/strong><\/p>\n<\/div><\/div><\/div><\/div><\/div><\/div><\/div><\/section>\n","protected":false},"excerpt":{"rendered":"Erotic massage Prague 1Tantra Club New Town About the branch Welcome to Tantra Club New Town \u2013 a modern erotic massage salon located at P\u0161trossova 1895\/14, Prague 1 \u2013 Nov\u00e9 M\u011bsto.Our luxurious salon combines elegant design with maximum comfort for relaxation and unforgettable experiences.Here you will find four exclusive massage rooms, each with its own...","protected":false},"author":3,"featured_media":0,"parent":282047,"menu_order":0,"comment_status":"closed","ping_status":"closed","template":"","meta":{"_acf_changed":false,"footnotes":""},"class_list":["post-282058","page","type-page","status-publish","hentry"],"acf":[],"_links":{"self":[{"href":"https:\/\/text22.tantra-prague.cz\/en\/wp-json\/wp\/v2\/pages\/282058","targetHints":{"allow":["GET"]}}],"collection":[{"href":"https:\/\/text22.tantra-prague.cz\/en\/wp-json\/wp\/v2\/pages"}],"about":[{"href":"https:\/\/text22.tantra-prague.cz\/en\/wp-json\/wp\/v2\/types\/page"}],"author":[{"embeddable":true,"href":"https:\/\/text22.tantra-prague.cz\/en\/wp-json\/wp\/v2\/users\/3"}],"replies":[{"embeddable":true,"href":"https:\/\/text22.tantra-prague.cz\/en\/wp-json\/wp\/v2\/comments?post=282058"}],"version-history":[{"count":5,"href":"https:\/\/text22.tantra-prague.cz\/en\/wp-json\/wp\/v2\/pages\/282058\/revisions"}],"predecessor-version":[{"id":282086,"href":"https:\/\/text22.tantra-prague.cz\/en\/wp-json\/wp\/v2\/pages\/282058\/revisions\/282086"}],"up":[{"embeddable":true,"href":"https:\/\/text22.tantra-prague.cz\/en\/wp-json\/wp\/v2\/pages\/282047"}],"wp:attachment":[{"href":"https:\/\/text22.tantra-prague.cz\/en\/wp-json\/wp\/v2\/media?parent=282058"}],"curies":[{"name":"wp","href":"https:\/\/api.w.org\/{rel}","templated":true}]}}